{"id":3261,"date":"2020-09-13T23:48:22","date_gmt":"2020-09-13T20:48:22","guid":{"rendered":"http:\/\/force1.ro\/?page_id=3261"},"modified":"2020-09-13T23:49:24","modified_gmt":"2020-09-13T20:49:24","slug":"notificarea-de-protectie-a-datelor-cu-caracter-personal","status":"publish","type":"page","link":"https:\/\/force1.ro\/en\/notificarea-de-protectie-a-datelor-cu-caracter-personal\/","title":{"rendered":"Notificarea de protectie a datelor cu caracter personal"},"content":{"rendered":"<p><strong>FORCE 1 DIVIZIA DE SECURITATE SRL<\/strong><\/p>\n<p>Bucure\u0219ti, Sector 4, B-dul Dimitrie Cantemir nr. 1,<\/p>\n<p>Tronson 3, bloc B2, etaj 1<\/p>\n<p>J40\/12809\/2005, (CUI) 17801399<\/p>\n<p>&nbsp;<\/p>\n<p><em>Stimat\u0103 doamn\u0103\/Stimate domn<\/em><\/p>\n<p>&nbsp;<\/p>\n<p><strong>FORCE 1 DIVIZIA DE SECURITATE S.R.L.<\/strong>, persoan\u0103 juridic\u0103 rom\u00e2n\u0103 cu sediul social \u00een Bucure\u0219ti, sectorul 4, Bulevardul Dimitrie Cantemir nr. 1, tronson 3, bloc B2, etaj 1, \u00eenregistrat\u0103 \u00een Registrul Comer\u021bului sub num\u0103rul J40\/12809\/2005, av\u00e2nd cod unic de \u00eenregistrare C.U.I. 17801399 (denumit\u0103 \u00een continuare \u201d<strong>Societatea<\/strong>\u201d), \u00een calitate de operator pentru prelucrarea datelor cu caracter personal,<\/p>\n<p>&nbsp;<\/p>\n<p>V\u0103 aducem la cuno\u0219tin\u021b\u0103 urm\u0103toarele:<\/p>\n<p>&nbsp;<\/p>\n<p>Societatea va colecta \u0219i va prelucra urm\u0103toarele categorii de date cu caracter personal: datele de identificare \u0219i datele de contact (numele \u0219i prenumele, seria \u0219i num\u0103rul C\u0103r\u021bii de Identitate, adresa de coresponden\u021b\u0103 electronic\u0103 \/ num\u0103rul de telefon mobil), informa\u021bii privind locul de munc\u0103 (func\u021bia \u0219i vechimea \u00een munc\u0103), informa\u021bii privind studiile absolvite \u0219i certific\u0103rile de\u021binute (institu\u021bii de \u00eenv\u0103\u021b\u0103m\u00e2nt, examene promovate).<\/p>\n<p>&nbsp;<\/p>\n<p>Scopul\/scopurile prelucr\u0103rii datelor \u0219i temeiul juridic: dup\u0103 caz, \u00eencheierea valabil\u0103 a conven\u021biilor, desf\u0103\u0219urarea activit\u0103\u021bilor \u0219i exercitarea drepturilor sau a intereselor legitime, conform Articolului 6 din Regulamentul (UE) 2016\/679 al Parlamentului European \u0219i al Consiliului din 27 aprilie 2016 privind protec\u021bia persoanelor fizice \u00een ceea ce prive\u0219te prelucrarea datelor cu caracter personal \u0219i privind libera circula\u021bie a acestor date \u0219i de abrogare a Directivei 95\/46\/CE (denumit \u00een continuare \u201d<strong>GDPR<\/strong>\u201d).<\/p>\n<p>&nbsp;<\/p>\n<p>Datele cu caracter personal vor fi colectate \u0219i prelucrate, \u00een esen\u021b\u0103, astfel: dup\u0103 caz, prin conven\u021bii scrise sau prin sisteme \u0219i platforme informatice.<\/p>\n<p>&nbsp;<\/p>\n<p>Destinatarul datelor cu caracter personal este Societatea.<\/p>\n<p>&nbsp;<\/p>\n<p>Datele nu vor fi transferate \u0219i c\u0103tre al\u021bi destinatari, orice decizie \u00een acest sens urm\u00e2nd a fi condi\u021bionat\u0103 de exprimarea consim\u021b\u0103m\u00e2ntului explicit<em>.<\/em><\/p>\n<p>&nbsp;<\/p>\n<p>Datele sunt colectate \u00een baza obliga\u021biei legale\/contractuale de a furniza date cu caracter personal.<\/p>\n<p>&nbsp;<\/p>\n<p>Intervalul de timp \u00een care datele vor fi stocate este de: dup\u0103 caz, fie durata necesar\u0103 pentru desf\u0103\u0219urarea activit\u0103\u021bilor \u00eentemeiate pe raporturi contractuale, fie un interval maxim de 5 (cinci) ani.<\/p>\n<p>&nbsp;<\/p>\n<p>Societatea recunoa\u0219te \u0219i garanteaz\u0103, \u00eentre altele, principalele drepturi aplicabile \u00een privin\u021ba colect\u0103rii\/prelucr\u0103rii cu caracter personal, respectiv:<\/p>\n<ul>\n<li>dreptul la informare;<\/li>\n<li>dreptul de retragere a consim\u021b\u0103m\u00e2ntului;<\/li>\n<li>dreptul de acces\/rectificare\/actualizare a datelor;<\/li>\n<li>dreptul la \u0219tergerea datelor;<\/li>\n<li>dreptul la restric\u021bionarea prelucr\u0103rii;<\/li>\n<li>dreptul de opozi\u021bie;<\/li>\n<li>dreptul la portabilitatea datelor;<\/li>\n<li>dreptul de a formula pl\u00e2ngere \u00een fa\u021ba Autorit\u0103\u021bii Na\u021bionale pentru Supravegherea Prelucr\u0103rii Datelor cu Caracter Personal, ale c\u0103rei date complete de contact pot fi g\u0103site la adresa web <a href=\"https:\/\/www.dataprotection.ro\/\"><em>dataprotection.ro<\/em><\/a><\/li>\n<\/ul>\n<p>&nbsp;<\/p>\n<p>Drepturile sus-men\u021bionate \u0219i orice alte drepturi sau interese legitime circumscrise protec\u021biei datelor cu caracter personal pot fi exercitate prin simpla formulare a unei cereri comunicate Societ\u0103\u021bii la adresa de coresponden\u021b\u0103 sau adresa e-mail men\u021bionate la Contact.<\/p>\n<p>&nbsp;<\/p>\n<p>V\u0103 inform\u0103m asupra faptului c\u0103, prin activarea butonului \u201d<strong>Trimite<\/strong>\u201d v\u0103 exprima\u021bi consim\u021b\u0103m\u00e2ntul cu privire la prelucrarea de c\u0103tre Societate de Datelor dumneavoastr\u0103 cu Caracter Personal, \u00een conformitate cu cele prezentate anterior.<\/p>\n<p>&nbsp;<\/p>\n","protected":false},"excerpt":{"rendered":"<p>FORCE 1 DIVIZIA DE SECURITATE SRL Bucure\u0219ti, Sector 4, B-dul Dimitrie Cantemir nr. 1, Tronson 3, bloc B2, etaj 1 J40\/12809\/2005, (CUI) 17801399 &nbsp; Stimat\u0103 doamn\u0103\/Stimate domn &nbsp; FORCE 1 DIVIZIA DE SECURITATE S.R.L., persoan\u0103 juridic\u0103 rom\u00e2n\u0103 cu sediul social &hellip;<\/p>\n","protected":false},"author":1,"featured_media":0,"parent":0,"menu_order":0,"comment_status":"closed","ping_status":"closed","template":"","meta":{"_monsterinsights_skip_tracking":false,"_monsterinsights_sitenote_active":false,"_monsterinsights_sitenote_note":"","_monsterinsights_sitenote_category":0,"footnotes":""},"class_list":["post-3261","page","type-page","status-publish","hentry"],"translation":{"provider":"WPGlobus","version":"3.0.2","language":"en","enabled_languages":["ro","en"],"languages":{"ro":{"title":true,"content":true,"excerpt":false},"en":{"title":false,"content":false,"excerpt":false}}},"aioseo_notices":[],"_links":{"self":[{"href":"https:\/\/force1.ro\/en\/wp-json\/wp\/v2\/pages\/3261","targetHints":{"allow":["GET"]}}],"collection":[{"href":"https:\/\/force1.ro\/en\/wp-json\/wp\/v2\/pages"}],"about":[{"href":"https:\/\/force1.ro\/en\/wp-json\/wp\/v2\/types\/page"}],"author":[{"embeddable":true,"href":"https:\/\/force1.ro\/en\/wp-json\/wp\/v2\/users\/1"}],"replies":[{"embeddable":true,"href":"https:\/\/force1.ro\/en\/wp-json\/wp\/v2\/comments?post=3261"}],"version-history":[{"count":2,"href":"https:\/\/force1.ro\/en\/wp-json\/wp\/v2\/pages\/3261\/revisions"}],"predecessor-version":[{"id":3263,"href":"https:\/\/force1.ro\/en\/wp-json\/wp\/v2\/pages\/3261\/revisions\/3263"}],"wp:attachment":[{"href":"https:\/\/force1.ro\/en\/wp-json\/wp\/v2\/media?parent=3261"}],"curies":[{"name":"wp","href":"https:\/\/api.w.org\/{rel}","templated":true}]}}