{"id":2023,"date":"2017-05-14T20:09:31","date_gmt":"2017-05-14T20:09:31","guid":{"rendered":"http:\/\/oneproductions.ro\/?page_id=2023"},"modified":"2019-09-06T10:54:31","modified_gmt":"2019-09-06T10:54:31","slug":"training","status":"publish","type":"page","link":"https:\/\/force1.ro\/en\/training\/","title":{"rendered":"Training"},"content":{"rendered":"<p>[vc_row][vc_column][vc_single_image image=&#8221;2507&#8243; img_size=&#8221;full&#8221; alignment=&#8221;center&#8221;][\/vc_column][\/vc_row][vc_row][vc_column][vc_column_text]Calificarea, instruirea \u015fi dezvoltarea continu\u0103 a propriilor angaja\u021bi sunt priorit\u0103\u021bi \u00een strategia companiei noastre.<\/p>\n<p><span style=\"color: #051764;\"><strong>Metodele profesioniste de formare \u015fi dezvoltare<\/strong><\/span>, ne-au asigurat \u00een permanen\u021b\u0103 angaja\u021bi cu solide cuno\u015ftin\u021be teoretice \u015fi bune abilit\u0103\u021bi practice.<\/p>\n<p>Aceste metode ne-au permis s\u0103 putem preg\u0103ti <span style=\"color: #051764;\"><strong>agen\u021bi specializa\u021bi<\/strong><\/span> \u00een diverse domenii: Interven\u021bie, Transport de valori, Securitate Incint\u0103, Control acces. De asemenea, preg\u0103tim permanent \u015fefi de tur\u0103 \u015fi \u015fefi de obiectiv care pot gestiona la un nivel ridicat de performan\u021b\u0103 activitatea obiectivelor \u00eencredin\u021bate.<\/p>\n<p>\u020an plus, <span style=\"color: #051764;\"><strong>o matrice de evaluare bi-anual\u0103<\/strong><\/span> ne asigur\u0103 c\u0103 metodele aplicate sunt corecte \u015fi ne aduc rezultatele scontate.[\/vc_column_text][\/vc_column][\/vc_row]<br \/>\n[vc_row][vc_column][vc_message style=&#8221;square&#8221; message_box_color=&#8221;blue&#8221; icon_fontawesome=&#8221;fa fa-comment&#8221;]<\/p>\n<p style=\"text-align: center;\"><strong>Ai nevoie de mai multe informa\u021bii? Contacteaz\u0103-ne prin email sau telefon.<\/strong><\/p>\n<p style=\"text-align: center;\"><i class=\"fa fa fa-envelope iconite\" style=\"color: #1f3980;\"><\/i><a href=\"mailto:suport@force1.ro\">suport@force1.ro<\/a>\u00a0 \u00a0 \u00a0 \u00a0 \u00a0 \u00a0 \u00a0 \u00a0 \u00a0 \u00a0 \u00a0 \u00a0 \u00a0 \u00a0<i class=\"fa fa-phone iconite\" style=\"color: #1f3980;\"><\/i><a href=\"tel:0759.555.550\">0759.555.550<\/a><\/p>\n<p>[\/vc_message][\/vc_column][\/vc_row][vc_row][vc_column width=&#8221;1\/2&#8243;][vc_custom_heading text=&#8221;VALORILE NOASTRE&#8221; font_container=&#8221;tag:p|text_align:left&#8221; use_theme_fonts=&#8221;yes&#8221; el_class=&#8221;title&#8221;][vc_column_text]<\/p>\n<ul>\n<li>Orientare catre client<\/li>\n<li>Munca in echipa<\/li>\n<li>Integritate si incredere<\/li>\n<li>Initiativa si deschidere<\/li>\n<\/ul>\n<p>[\/vc_column_text][\/vc_column][vc_column width=&#8221;1\/2&#8243;][vc_custom_heading text=&#8221;MISIUNEA NOASTRA&#8221; font_container=&#8221;tag:p|text_align:left&#8221; use_theme_fonts=&#8221;yes&#8221; el_class=&#8221;title&#8221;][vc_column_text]ZERO INCIDENTE![\/vc_column_text][\/vc_column][\/vc_row]<\/p>\n","protected":false},"excerpt":{"rendered":"<p>[vc_row][vc_column][vc_single_image image=&#8221;2507&#8243; img_size=&#8221;full&#8221; alignment=&#8221;center&#8221;][\/vc_column][\/vc_row][vc_row][vc_column][vc_column_text]Calificarea, instruirea \u015fi dezvoltarea continu\u0103 a propriilor angaja\u021bi sunt priorit\u0103\u021bi \u00een strategia companiei noastre. Metodele profesioniste de formare \u015fi dezvoltare, ne-au asigurat \u00een permanen\u021b\u0103 angaja\u021bi cu solide cuno\u015ftin\u021be teoretice \u015fi bune abilit\u0103\u021bi practice. Aceste metode ne-au permis &hellip;<\/p>\n","protected":false},"author":1,"featured_media":0,"parent":0,"menu_order":0,"comment_status":"closed","ping_status":"closed","template":"","meta":{"_monsterinsights_skip_tracking":false,"_monsterinsights_sitenote_active":false,"_monsterinsights_sitenote_note":"","_monsterinsights_sitenote_category":0,"footnotes":""},"class_list":["post-2023","page","type-page","status-publish","hentry"],"translation":{"provider":"WPGlobus","version":"3.0.2","language":"en","enabled_languages":["ro","en"],"languages":{"ro":{"title":true,"content":true,"excerpt":false},"en":{"title":false,"content":false,"excerpt":false}}},"aioseo_notices":[],"_links":{"self":[{"href":"https:\/\/force1.ro\/en\/wp-json\/wp\/v2\/pages\/2023","targetHints":{"allow":["GET"]}}],"collection":[{"href":"https:\/\/force1.ro\/en\/wp-json\/wp\/v2\/pages"}],"about":[{"href":"https:\/\/force1.ro\/en\/wp-json\/wp\/v2\/types\/page"}],"author":[{"embeddable":true,"href":"https:\/\/force1.ro\/en\/wp-json\/wp\/v2\/users\/1"}],"replies":[{"embeddable":true,"href":"https:\/\/force1.ro\/en\/wp-json\/wp\/v2\/comments?post=2023"}],"version-history":[{"count":12,"href":"https:\/\/force1.ro\/en\/wp-json\/wp\/v2\/pages\/2023\/revisions"}],"predecessor-version":[{"id":2958,"href":"https:\/\/force1.ro\/en\/wp-json\/wp\/v2\/pages\/2023\/revisions\/2958"}],"wp:attachment":[{"href":"https:\/\/force1.ro\/en\/wp-json\/wp\/v2\/media?parent=2023"}],"curies":[{"name":"wp","href":"https:\/\/api.w.org\/{rel}","templated":true}]}}